{"id":2004,"date":"2021-09-28T07:07:24","date_gmt":"2021-09-28T06:07:24","guid":{"rendered":"https:\/\/fources.agency\/blog\/"},"modified":"2023-07-27T12:07:34","modified_gmt":"2023-07-27T11:07:34","slug":"blog","status":"publish","type":"page","link":"https:\/\/fources.agency\/fr\/blog\/","title":{"rendered":"Blog"},"content":{"rendered":"\n<div class=\"wp-block-cover alignfull is-light is-style-header-big\"><span aria-hidden=\"true\" class=\"wp-block-cover__background has-background-dim-100 has-background-dim has-background-gradient has-primary-to-base-gradient-background\"><\/span><div class=\"wp-block-cover__inner-container is-layout-flow wp-block-cover-is-layout-flow\">\n<div class=\"wp-block-group alignwide is-layout-flow wp-block-group-is-layout-flow\">\n<h1 class=\"animate fade-up has-white-secondary-color has-text-color has-h-1-font-size wp-block-heading\" id=\"contenu-precieux-pour-gens-curieux\">Contenu pr\u00e9cieux pour gens curieux<\/h1>\n\n\n\n<h2 class=\"animate fade-up has-medium-grey-color has-text-color has-h-2-font-size wp-block-heading\" id=\"nous-partageons-dans-nos-articles-la-veille-digitale-mais-aussi-nos-conseils-et-nouveautes-sur-toutes-les-tendances-du-web-de-l-e-commerce-du-seo-de-l-identite-visuelle-et-de-la-communication-digitale\">Nous partageons dans nos articles la veille digitale mais aussi nos conseils et nouveaut\u00e9s sur toutes les tendances du web, de l&#8217; e-commerce, du SEO, de l\u2019identit\u00e9 visuelle et de la communication digitale.<\/h2>\n<\/div>\n<\/div><\/div>\n\n\n<div class=\"posts align mb-10\">\n  <div class=\"grid grid-cols-1 md:grid-cols-3 gap-10 px-4 section-margin\">\n                <article class=\"card card--blog animate fade-up card--blog__explorations\">\n  <a class=\"card__link\" href=\"https:\/\/fources.agency\/fr\/cdn-performances-web-vs-ethique-numerique\/\">\n    <div class=\"card__header\">\n              <img decoding=\"async\" width=\"1500\" height=\"841\" src=\"https:\/\/fources.agency\/app\/uploads\/2025\/06\/taylor-vick-server-unsplash-1500x841.jpg\" class=\"attachment-medium size-medium wp-post-image\" alt=\"\" srcset=\"https:\/\/fources.agency\/app\/uploads\/2025\/06\/taylor-vick-server-unsplash-1500x841.jpg 1500w, https:\/\/fources.agency\/app\/uploads\/2025\/06\/taylor-vick-server-unsplash-768x431.jpg 768w, https:\/\/fources.agency\/app\/uploads\/2025\/06\/taylor-vick-server-unsplash-1536x862.jpg 1536w, https:\/\/fources.agency\/app\/uploads\/2025\/06\/taylor-vick-server-unsplash.jpg 1920w\" sizes=\"(max-width: 1500px) 100vw, 1500px\" \/>\n          <\/div>\n\n    <div class=\"card__body\">\n              <div class=\"card__tag\">\n                      explorations\n                  <\/div>\n      \n      \n      <h1 class=\"has-h-3-font-size mb-0\">CDN : performances web vs \u00e9thique num\u00e9rique<\/h1>\n      <div class=\"wp-block-button is-style-primary text-center mb-0\">\n        <span href=\"\" class=\"wp-block-button__link has-base-color has-text-color\">Lire plus<span><\/span><\/span>\n      <\/div>\n    <\/div>\n  <\/a>\n<\/article>\n            <article class=\"card card--blog animate fade-up card--blog__tips-and-tricks\">\n  <a class=\"card__link\" href=\"https:\/\/fources.agency\/fr\/les-avantages-de-creer-son-site-avec-wordpress\/\">\n    <div class=\"card__header\">\n              <img decoding=\"async\" width=\"1500\" height=\"1000\" src=\"https:\/\/fources.agency\/app\/uploads\/2025\/05\/souvik-banerjee-WPrNEM_6dg-unsplash-1500x1000.jpg\" class=\"attachment-medium size-medium wp-post-image\" alt=\"\" srcset=\"https:\/\/fources.agency\/app\/uploads\/2025\/05\/souvik-banerjee-WPrNEM_6dg-unsplash-1500x1000.jpg 1500w, https:\/\/fources.agency\/app\/uploads\/2025\/05\/souvik-banerjee-WPrNEM_6dg-unsplash-768x512.jpg 768w, https:\/\/fources.agency\/app\/uploads\/2025\/05\/souvik-banerjee-WPrNEM_6dg-unsplash-1536x1024.jpg 1536w, https:\/\/fources.agency\/app\/uploads\/2025\/05\/souvik-banerjee-WPrNEM_6dg-unsplash.jpg 1800w\" sizes=\"(max-width: 1500px) 100vw, 1500px\" \/>\n          <\/div>\n\n    <div class=\"card__body\">\n              <div class=\"card__tag\">\n                      tips and tricks\n                  <\/div>\n      \n      \n      <h1 class=\"has-h-3-font-size mb-0\">Les avantages de cr\u00e9er son site avec WordPress<\/h1>\n      <div class=\"wp-block-button is-style-primary text-center mb-0\">\n        <span href=\"\" class=\"wp-block-button__link has-base-color has-text-color\">Lire plus<span><\/span><\/span>\n      <\/div>\n    <\/div>\n  <\/a>\n<\/article>\n            <article class=\"card card--blog animate fade-up card--blog__explorations\">\n  <a class=\"card__link\" href=\"https:\/\/fources.agency\/fr\/transition-numerique-plus-libre\/\">\n    <div class=\"card__header\">\n              <img decoding=\"async\" width=\"1500\" height=\"997\" src=\"https:\/\/fources.agency\/app\/uploads\/2025\/04\/tobias-tullius-4dKy7d3lkKM-unsplash-1500x997.jpg\" class=\"attachment-medium size-medium wp-post-image\" alt=\"\" srcset=\"https:\/\/fources.agency\/app\/uploads\/2025\/04\/tobias-tullius-4dKy7d3lkKM-unsplash-1500x997.jpg 1500w, https:\/\/fources.agency\/app\/uploads\/2025\/04\/tobias-tullius-4dKy7d3lkKM-unsplash-768x510.jpg 768w, https:\/\/fources.agency\/app\/uploads\/2025\/04\/tobias-tullius-4dKy7d3lkKM-unsplash-1536x1021.jpg 1536w, https:\/\/fources.agency\/app\/uploads\/2025\/04\/tobias-tullius-4dKy7d3lkKM-unsplash.jpg 1800w\" sizes=\"(max-width: 1500px) 100vw, 1500px\" \/>\n          <\/div>\n\n    <div class=\"card__body\">\n              <div class=\"card__tag\">\n                      explorations\n                  <\/div>\n      \n      \n      <h1 class=\"has-h-3-font-size mb-0\">Pourquoi (et comment) amorcer une transition num\u00e9rique plus libre ?<\/h1>\n      <div class=\"wp-block-button is-style-primary text-center mb-0\">\n        <span href=\"\" class=\"wp-block-button__link has-base-color has-text-color\">Lire plus<span><\/span><\/span>\n      <\/div>\n    <\/div>\n  <\/a>\n<\/article>\n            <article class=\"card card--blog animate fade-up card--blog__explorations\">\n  <a class=\"card__link\" href=\"https:\/\/fources.agency\/fr\/exploration-des-differences-gutenberg-vs-advanced-custom-fields-acf-dans-wordpress\/\">\n    <div class=\"card__header\">\n              <img decoding=\"async\" width=\"1500\" height=\"1000\" src=\"https:\/\/fources.agency\/app\/uploads\/2024\/01\/stephen-phillips-hostreviews-co-uk-zs98a0DtKL4-unsplash-1500x1000.jpg\" class=\"attachment-medium size-medium wp-post-image\" alt=\"\" srcset=\"https:\/\/fources.agency\/app\/uploads\/2024\/01\/stephen-phillips-hostreviews-co-uk-zs98a0DtKL4-unsplash-1500x1000.jpg 1500w, https:\/\/fources.agency\/app\/uploads\/2024\/01\/stephen-phillips-hostreviews-co-uk-zs98a0DtKL4-unsplash-768x512.jpg 768w, https:\/\/fources.agency\/app\/uploads\/2024\/01\/stephen-phillips-hostreviews-co-uk-zs98a0DtKL4-unsplash-1536x1024.jpg 1536w, https:\/\/fources.agency\/app\/uploads\/2024\/01\/stephen-phillips-hostreviews-co-uk-zs98a0DtKL4-unsplash.jpg 1920w\" sizes=\"(max-width: 1500px) 100vw, 1500px\" \/>\n          <\/div>\n\n    <div class=\"card__body\">\n              <div class=\"card__tag\">\n                      explorations\n                  <\/div>\n      \n      \n      <h1 class=\"has-h-3-font-size mb-0\">Exploration des diff\u00e9rences : Gutenberg vs. Advanced Custom Fields (ACF) dans WordPress<\/h1>\n      <div class=\"wp-block-button is-style-primary text-center mb-0\">\n        <span href=\"\" class=\"wp-block-button__link has-base-color has-text-color\">Lire plus<span><\/span><\/span>\n      <\/div>\n    <\/div>\n  <\/a>\n<\/article>\n            <article class=\"card card--blog animate fade-up card--blog__explorations\">\n  <a class=\"card__link\" href=\"https:\/\/fources.agency\/fr\/comment-reduire-lempreinte-ecologique-de-votre-site-internet\/\">\n    <div class=\"card__header\">\n              <img decoding=\"async\" width=\"1500\" height=\"1000\" src=\"https:\/\/fources.agency\/app\/uploads\/2024\/01\/s-tsuchiya-gxIg8FcDIC8-unsplash-1500x1000.jpg\" class=\"attachment-medium size-medium wp-post-image\" alt=\"\" srcset=\"https:\/\/fources.agency\/app\/uploads\/2024\/01\/s-tsuchiya-gxIg8FcDIC8-unsplash-1500x1000.jpg 1500w, https:\/\/fources.agency\/app\/uploads\/2024\/01\/s-tsuchiya-gxIg8FcDIC8-unsplash-768x512.jpg 768w, https:\/\/fources.agency\/app\/uploads\/2024\/01\/s-tsuchiya-gxIg8FcDIC8-unsplash-1536x1024.jpg 1536w, https:\/\/fources.agency\/app\/uploads\/2024\/01\/s-tsuchiya-gxIg8FcDIC8-unsplash.jpg 1920w\" sizes=\"(max-width: 1500px) 100vw, 1500px\" \/>\n          <\/div>\n\n    <div class=\"card__body\">\n              <div class=\"card__tag\">\n                      explorations\n                  <\/div>\n      \n      \n      <h1 class=\"has-h-3-font-size mb-0\">Comment r\u00e9duire l&#8217;empreinte \u00e9cologique de votre site internet?<\/h1>\n      <div class=\"wp-block-button is-style-primary text-center mb-0\">\n        <span href=\"\" class=\"wp-block-button__link has-base-color has-text-color\">Lire plus<span><\/span><\/span>\n      <\/div>\n    <\/div>\n  <\/a>\n<\/article>\n            <article class=\"card card--blog animate fade-up card--blog__explorations\">\n  <a class=\"card__link\" href=\"https:\/\/fources.agency\/fr\/website-design-trends\/\">\n    <div class=\"card__header\">\n              <img decoding=\"async\" width=\"1500\" height=\"1067\" src=\"https:\/\/fources.agency\/app\/uploads\/2022\/10\/2-2-1500x1067.jpg\" class=\"attachment-medium size-medium wp-post-image\" alt=\"\" srcset=\"https:\/\/fources.agency\/app\/uploads\/2022\/10\/2-2-1500x1067.jpg 1500w, https:\/\/fources.agency\/app\/uploads\/2022\/10\/2-2-768x546.jpg 768w, https:\/\/fources.agency\/app\/uploads\/2022\/10\/2-2-1536x1092.jpg 1536w, https:\/\/fources.agency\/app\/uploads\/2022\/10\/2-2-2048x1456.jpg 2048w\" sizes=\"(max-width: 1500px) 100vw, 1500px\" \/>\n          <\/div>\n\n    <div class=\"card__body\">\n              <div class=\"card__tag\">\n                      explorations\n                  <\/div>\n      \n      \n      <h1 class=\"has-h-3-font-size mb-0\">Les tendances en terme de webdesign<\/h1>\n      <div class=\"wp-block-button is-style-primary text-center mb-0\">\n        <span href=\"\" class=\"wp-block-button__link has-base-color has-text-color\">Lire plus<span><\/span><\/span>\n      <\/div>\n    <\/div>\n  <\/a>\n<\/article>\n            <article class=\"card card--blog animate fade-up card--blog__tips-and-tricks\">\n  <a class=\"card__link\" href=\"https:\/\/fources.agency\/fr\/limportance-dun-site-internet-responsive\/\">\n    <div class=\"card__header\">\n              <img decoding=\"async\" width=\"1500\" height=\"1267\" src=\"https:\/\/fources.agency\/app\/uploads\/2023\/05\/ben-kolde-bs2Ba7t69mM-unsplash-1-1500x1267.jpg\" class=\"attachment-medium size-medium wp-post-image\" alt=\"\" srcset=\"https:\/\/fources.agency\/app\/uploads\/2023\/05\/ben-kolde-bs2Ba7t69mM-unsplash-1-1500x1267.jpg 1500w, https:\/\/fources.agency\/app\/uploads\/2023\/05\/ben-kolde-bs2Ba7t69mM-unsplash-1-768x649.jpg 768w, https:\/\/fources.agency\/app\/uploads\/2023\/05\/ben-kolde-bs2Ba7t69mM-unsplash-1-1536x1298.jpg 1536w, https:\/\/fources.agency\/app\/uploads\/2023\/05\/ben-kolde-bs2Ba7t69mM-unsplash-1.jpg 1920w\" sizes=\"(max-width: 1500px) 100vw, 1500px\" \/>\n          <\/div>\n\n    <div class=\"card__body\">\n              <div class=\"card__tag\">\n                      tips and tricks\n                  <\/div>\n      \n      \n      <h1 class=\"has-h-3-font-size mb-0\">L&#8217;importance d&#8217;un site internet responsive<\/h1>\n      <div class=\"wp-block-button is-style-primary text-center mb-0\">\n        <span href=\"\" class=\"wp-block-button__link has-base-color has-text-color\">Lire plus<span><\/span><\/span>\n      <\/div>\n    <\/div>\n  <\/a>\n<\/article>\n            <article class=\"card card--blog animate fade-up card--blog__tips-and-tricks\">\n  <a class=\"card__link\" href=\"https:\/\/fources.agency\/fr\/the-advantages-of-working-with-an-agency-for-the-design-of-your-logo\/\">\n    <div class=\"card__header\">\n              <img decoding=\"async\" width=\"1500\" height=\"1125\" src=\"https:\/\/fources.agency\/app\/uploads\/2021\/10\/mdj-big.jpg\" class=\"attachment-medium size-medium wp-post-image\" alt=\"\" srcset=\"https:\/\/fources.agency\/app\/uploads\/2021\/10\/mdj-big.jpg 1500w, https:\/\/fources.agency\/app\/uploads\/2021\/10\/mdj-big-768x576.jpg 768w\" sizes=\"(max-width: 1500px) 100vw, 1500px\" \/>\n          <\/div>\n\n    <div class=\"card__body\">\n              <div class=\"card__tag\">\n                      tips and tricks\n                  <\/div>\n      \n      \n      <h1 class=\"has-h-3-font-size mb-0\">Les avantages de travailler avec un agence pour la cr\u00e9ation de votre logo<\/h1>\n      <div class=\"wp-block-button is-style-primary text-center mb-0\">\n        <span href=\"\" class=\"wp-block-button__link has-base-color has-text-color\">Lire plus<span><\/span><\/span>\n      <\/div>\n    <\/div>\n  <\/a>\n<\/article>\n            <article class=\"card card--blog animate fade-up card--blog__tips-and-tricks\">\n  <a class=\"card__link\" href=\"https:\/\/fources.agency\/fr\/site-statique-ou-site-dynamique\/\">\n    <div class=\"card__header\">\n              <img decoding=\"async\" width=\"1000\" height=\"666\" src=\"https:\/\/fources.agency\/app\/uploads\/2022\/08\/christopher-gower-m_HRfLhgABo-unsplash.jpg\" class=\"attachment-medium size-medium wp-post-image\" alt=\"\" srcset=\"https:\/\/fources.agency\/app\/uploads\/2022\/08\/christopher-gower-m_HRfLhgABo-unsplash.jpg 1000w, https:\/\/fources.agency\/app\/uploads\/2022\/08\/christopher-gower-m_HRfLhgABo-unsplash-768x511.jpg 768w\" sizes=\"(max-width: 1000px) 100vw, 1000px\" \/>\n          <\/div>\n\n    <div class=\"card__body\">\n              <div class=\"card__tag\">\n                      tips and tricks\n                  <\/div>\n      \n      \n      <h1 class=\"has-h-3-font-size mb-0\">Site statique ou site dynamique?<\/h1>\n      <div class=\"wp-block-button is-style-primary text-center mb-0\">\n        <span href=\"\" class=\"wp-block-button__link has-base-color has-text-color\">Lire plus<span><\/span><\/span>\n      <\/div>\n    <\/div>\n  <\/a>\n<\/article>\n            <\/div>\n\n      <ul class=\"flex justify-center pl-0 list-none my-2 mb-10\"><li class=\"block mr-2.5\"> <span aria-current=\"page\" class=\"block text-center pt-2 rounded h-10 w-10 has-white-color has-primary-background-color current\">1<\/span><\/li><li class=\"block mr-2.5\"> <a class=\"block text-center pt-2 rounded h-10 w-10 has-base-color\" href=\"https:\/\/fources.agency\/fr\/wp-json\/wp\/v2\/pages\/2004\/page\/2\/\">2<\/a><\/li><li class=\"block mr-2.5\"> <a class=\"next block text-center pt-2 rounded  has-base-color\" href=\"https:\/\/fources.agency\/fr\/wp-json\/wp\/v2\/pages\/2004\/page\/2\/\">Next&nbsp;\u2192<\/a><\/li><\/ul>\n  <\/div>\n\n\n\n<div class=\"md:flex gap-10 wp-block-columns are-vertically-aligned-center section-cta animate fade-up is-layout-flex wp-container-core-columns-is-layout-9d6595d7 wp-block-columns-is-layout-flex\">\n<div class=\"w-full md:w-5\/12  wp-block-column is-vertically-aligned-center section-cta__left is-layout-flow wp-block-column-is-layout-flow\" style=\"flex-basis:40%\">\n<figure class=\"wp-block-image size-full image-full-left\"><img decoding=\"async\" width=\"1500\" height=\"1500\" src=\"http:\/\/fources.agency\/app\/uploads\/2021\/12\/letswork.jpg\" alt=\"\" class=\"wp-image-1049\" srcset=\"https:\/\/fources.agency\/app\/uploads\/2021\/12\/letswork.jpg 1500w, https:\/\/fources.agency\/app\/uploads\/2021\/12\/letswork-150x150.jpg 150w, https:\/\/fources.agency\/app\/uploads\/2021\/12\/letswork-768x768.jpg 768w\" sizes=\"(max-width: 1500px) 100vw, 1500px\" \/><\/figure>\n\n\n\n<div class=\"wp-block-group section-cta__rotate-wrapper is-layout-flow wp-block-group-is-layout-flow\">\n<p class=\"text-circle\">pour un projet, un caf\u00e9, un devis, un stage<\/p>\n<\/div>\n<\/div>\n\n\n\n<div class=\"w-full md:w-5\/12  wp-block-column is-vertically-aligned-center is-layout-flow wp-block-column-is-layout-flow\" style=\"flex-basis:40%\">\n<h2 class=\"is-style-title-underline has-white-color has-text-color has-h-3-font-size wp-block-heading\" id=\"vous-rendre-incontournable-sur-internet-creer-ou-reaffirmer-votre-identite-de-marque\">Vous rendre incontournable sur internet, cr\u00e9er ou r\u00e9affirmer votre identit\u00e9 de marque?<\/h2>\n\n\n\n<p>Notre \u00e9quipe est l\u00e0 pour vous aider!<\/p>\n\n\n\n<div class=\"wp-block-buttons is-layout-flex wp-block-buttons-is-layout-flex\">\n<div class=\"wp-block-button is-style-secondary\"><a class=\"wp-block-button__link\" href=\"\/contact\/\">contactez-nous<span><\/span><\/a><\/div>\n<\/div>\n<\/div>\n<\/div>\n","protected":false},"excerpt":{"rendered":"<p>pour un projet, un caf\u00e9, un devis, un stage Vous rendre incontournable sur internet, cr\u00e9er ou r\u00e9affirmer votre identit\u00e9 de marque? Notre \u00e9quipe est l\u00e0 pour vous aider!<\/p>\n","protected":false},"author":1,"featured_media":0,"parent":0,"menu_order":0,"comment_status":"closed","ping_status":"closed","template":"","meta":{"_acf_changed":false,"footnotes":""},"class_list":["post-2004","page","type-page","status-publish","hentry"],"acf":[],"_links":{"self":[{"href":"https:\/\/fources.agency\/fr\/wp-json\/wp\/v2\/pages\/2004","targetHints":{"allow":["GET"]}}],"collection":[{"href":"https:\/\/fources.agency\/fr\/wp-json\/wp\/v2\/pages"}],"about":[{"href":"https:\/\/fources.agency\/fr\/wp-json\/wp\/v2\/types\/page"}],"author":[{"embeddable":true,"href":"https:\/\/fources.agency\/fr\/wp-json\/wp\/v2\/users\/1"}],"replies":[{"embeddable":true,"href":"https:\/\/fources.agency\/fr\/wp-json\/wp\/v2\/comments?post=2004"}],"version-history":[{"count":5,"href":"https:\/\/fources.agency\/fr\/wp-json\/wp\/v2\/pages\/2004\/revisions"}],"predecessor-version":[{"id":2756,"href":"https:\/\/fources.agency\/fr\/wp-json\/wp\/v2\/pages\/2004\/revisions\/2756"}],"wp:attachment":[{"href":"https:\/\/fources.agency\/fr\/wp-json\/wp\/v2\/media?parent=2004"}],"curies":[{"name":"wp","href":"https:\/\/api.w.org\/{rel}","templated":true}]}}