{"id":2030,"date":"2021-11-30T15:57:42","date_gmt":"2021-11-30T14:57:42","guid":{"rendered":"https:\/\/fources.agency\/agency\/julien-de-wilde\/"},"modified":"2022-07-29T13:50:56","modified_gmt":"2022-07-29T12:50:56","slug":"julien-de-wilde","status":"publish","type":"page","link":"https:\/\/fources.agency\/fr\/agency\/julien-de-wilde\/","title":{"rendered":"Julien De Wilde"},"content":{"rendered":"\n<div class=\"wp-block-cover alignfull is-style-header-cat-lovers\"><span aria-hidden=\"true\" class=\"has-primary-background-color has-background-dim-100 wp-block-cover__gradient-background has-background-dim\"><\/span><img decoding=\"async\" width=\"1500\" height=\"1500\" class=\"wp-block-cover__image-background wp-image-1033\" alt=\"\" src=\"http:\/\/fources.agency\/app\/uploads\/2021\/12\/julien.jpg\" data-object-fit=\"cover\" srcset=\"https:\/\/fources.agency\/app\/uploads\/2021\/12\/julien.jpg 1500w, https:\/\/fources.agency\/app\/uploads\/2021\/12\/julien-150x150.jpg 150w, https:\/\/fources.agency\/app\/uploads\/2021\/12\/julien-768x768.jpg 768w\" sizes=\"(max-width: 1500px) 100vw, 1500px\" \/><div class=\"wp-block-cover__inner-container is-layout-flow wp-block-cover-is-layout-flow\">\n<p class=\"has-text-align-center has-large-font-size\"><\/p>\n<\/div><\/div>\n\n\n\n<div class=\"wp-block-group section-margin is-layout-flow wp-block-group-is-layout-flow\">\n<h1 class=\"has-text-align-center has-primary-color has-text-color has-h-2-font-size wp-block-heading\" id=\"julien-de-wilde\">Julien De Wilde<\/h1>\n\n\n\n<h2 class=\"has-text-align-center is-style-default has-h-3-font-size wp-block-heading\" id=\"notre-developpeur-ce-genie\">Notre d\u00e9veloppeur, ce g\u00e9nie <\/h2>\n\n\n\n<p>D\u00e9veloppeur full-stack, Julien se penchera sur l&#8217;aspect technique et d\u00e9veloppement de votre site. En concertation avec Lorraine au moment du design, il attirera l&#8217;attention sur les d\u00e9veloppements techniques qui influent les performances du site et proposera toujours une alternative. Avec sa curiosit\u00e9 et son talent, votre site sera comme son potager : une pure merveille.<\/p>\n<\/div>\n\n\n\n<div class=\"wp-block-group section-margin is-layout-flow wp-block-group-is-layout-flow\">\n<div class=\"md:flex gap-10 wp-block-columns is-layout-flex wp-container-core-columns-is-layout-9d6595d7 wp-block-columns-is-layout-flex\">\n<div class=\"w-full wp-block-column is-layout-flow wp-block-column-is-layout-flow\">\n<h2 class=\"is-style-title-underline has-h-3-font-size wp-block-heading\" id=\"en-un-gif\">En un gif<\/h2>\n\n\n\n<div style=\"width:100%;height:0;padding-bottom:100%;position:relative;\"><iframe src=\"https:\/\/giphy.com\/embed\/555vV78LNLgxmHRrhc\" width=\"100%\" height=\"100%\" style=\"position:absolute\" frameBorder=\"0\" class=\"giphy-embed\" allowFullScreen><\/iframe><\/div>\n<\/div>\n\n\n\n<div class=\"w-full wp-block-column is-layout-flow wp-block-column-is-layout-flow\">\n<h2 class=\"is-style-title-underline has-h-3-font-size wp-block-heading\" id=\"posts-par-julien\">Posts par Julien<\/h2>\n\n\n\n<p>Pour le moment Julien est trop occup\u00e9 avec le d\u00e9veloppement de vos site web (ce qui est une bonne chose pour vous)<\/p>\n<\/div>\n<\/div>\n<\/div>\n","protected":false},"excerpt":{"rendered":"<p>Julien De Wilde Notre d\u00e9veloppeur, ce g\u00e9nie D\u00e9veloppeur full-stack, Julien se penchera sur l&#8217;aspect technique et d\u00e9veloppement de votre site. En concertation avec Lorraine au moment du design, il attirera l&#8217;attention sur les d\u00e9veloppements techniques qui influent les performances du site et proposera toujours une alternative. Avec sa curiosit\u00e9 et son talent, votre site sera &hellip; <a href=\"https:\/\/fources.agency\/fr\/agency\/julien-de-wilde\/\">Continued<\/a><\/p>\n","protected":false},"author":1,"featured_media":0,"parent":1976,"menu_order":0,"comment_status":"closed","ping_status":"closed","template":"","meta":{"_acf_changed":false,"footnotes":""},"class_list":["post-2030","page","type-page","status-publish","hentry"],"acf":[],"_links":{"self":[{"href":"https:\/\/fources.agency\/fr\/wp-json\/wp\/v2\/pages\/2030","targetHints":{"allow":["GET"]}}],"collection":[{"href":"https:\/\/fources.agency\/fr\/wp-json\/wp\/v2\/pages"}],"about":[{"href":"https:\/\/fources.agency\/fr\/wp-json\/wp\/v2\/types\/page"}],"author":[{"embeddable":true,"href":"https:\/\/fources.agency\/fr\/wp-json\/wp\/v2\/users\/1"}],"replies":[{"embeddable":true,"href":"https:\/\/fources.agency\/fr\/wp-json\/wp\/v2\/comments?post=2030"}],"version-history":[{"count":5,"href":"https:\/\/fources.agency\/fr\/wp-json\/wp\/v2\/pages\/2030\/revisions"}],"predecessor-version":[{"id":2236,"href":"https:\/\/fources.agency\/fr\/wp-json\/wp\/v2\/pages\/2030\/revisions\/2236"}],"up":[{"embeddable":true,"href":"https:\/\/fources.agency\/fr\/wp-json\/wp\/v2\/pages\/1976"}],"wp:attachment":[{"href":"https:\/\/fources.agency\/fr\/wp-json\/wp\/v2\/media?parent=2030"}],"curies":[{"name":"wp","href":"https:\/\/api.w.org\/{rel}","templated":true}]}}