{"id":3528,"date":"2025-03-10T15:02:24","date_gmt":"2025-03-10T14:02:24","guid":{"rendered":"https:\/\/fources.agency\/?page_id=3528"},"modified":"2025-06-11T15:55:39","modified_gmt":"2025-06-11T13:55:39","slug":"identite-visuelle","status":"publish","type":"page","link":"https:\/\/fources.agency\/fr\/services\/identite-visuelle\/","title":{"rendered":"Identit\u00e9 visuelle"},"content":{"rendered":"\n<div class=\"wp-block-cover alignfull is-light has-parallax is-style-header-big\"><div class=\"wp-block-cover__image-background wp-image-2508 has-parallax\" style=\"background-position:50% 50%;background-image:url(http:\/\/fources.agency\/app\/uploads\/2023\/02\/mockup1e.jpg)\"><\/div><span aria-hidden=\"true\" class=\"wp-block-cover__background has-background-dim wp-block-cover__gradient-background has-background-gradient has-primary-to-base-gradient-background\" style=\"background-color:#b6b4b3\"><\/span><div class=\"wp-block-cover__inner-container is-layout-flow wp-block-cover-is-layout-flow\">\n<div class=\"wp-block-group alignwide is-layout-flow wp-block-group-is-layout-flow\">\n<h1 class=\"wp-block-heading has-text-align-center animate fade-up has-medium-grey-color has-text-color has-h-1-font-size\">Identit\u00e9 visuelle<\/h1>\n<\/div>\n<\/div><\/div>\n\n\n\n<div class=\"wp-block-group section-two-col section-margin is-layout-flow wp-block-group-is-layout-flow\">\n<div class=\"md:flex gap-10 wp-block-columns are-vertically-aligned-center is-layout-flex wp-container-core-columns-is-layout-9d6595d7 wp-block-columns-is-layout-flex\">\n<div class=\"w-full md:w-6\/12  wp-block-column is-vertically-aligned-center section-two-col--left animate fade-left is-layout-flow wp-block-column-is-layout-flow\" style=\"flex-basis:50%\">\n<figure class=\"wp-block-image size-full image-full-left\"><img decoding=\"async\" width=\"1920\" height=\"1279\" src=\"http:\/\/fources.agency\/app\/uploads\/2024\/10\/branding-etude-collon-loge4.jpg\" alt=\"\" class=\"wp-image-3133\" srcset=\"https:\/\/fources.agency\/app\/uploads\/2024\/10\/branding-etude-collon-loge4.jpg 1920w, https:\/\/fources.agency\/app\/uploads\/2024\/10\/branding-etude-collon-loge4-1500x999.jpg 1500w, https:\/\/fources.agency\/app\/uploads\/2024\/10\/branding-etude-collon-loge4-768x512.jpg 768w, https:\/\/fources.agency\/app\/uploads\/2024\/10\/branding-etude-collon-loge4-1536x1023.jpg 1536w\" sizes=\"(max-width: 1920px) 100vw, 1920px\" \/><\/figure>\n<\/div>\n\n\n\n<div class=\"w-full md:w-5\/12  wp-block-column is-vertically-aligned-center section-two-col--right animate fade-right is-layout-flow wp-block-column-is-layout-flow\" style=\"flex-basis:40%\">\n<p class=\"animate fade-up has-primary-light-color has-text-color has-h-1-font-size\">branding<\/p>\n\n\n\n<h2 class=\"wp-block-heading is-style-title-underline has-primary-color has-text-color has-h-3-font-size\" id=\"we-are-fources-agency\">Un design au pixel pr\u00e8s<\/h2>\n\n\n\n<p>Chez Fources Agency, nous allons bien au-del\u00e0 de la cr\u00e9ation de logos : nous concevons des identit\u00e9s de marque solides et strat\u00e9giques qui r\u00e9sonnent avec votre audience.<br>Notre \u00e9quipe de designers travaille en \u00e9troite collaboration avec vous pour cr\u00e9er une image de marque coh\u00e9rente, reconnaissable et fid\u00e8le \u00e0 vos valeurs, votre mission et votre personnalit\u00e9.<\/p>\n\n\n\n<p><\/p>\n\n\n\n<p>Une identit\u00e9 de marque forte renforce la confiance, la cr\u00e9dibilit\u00e9 et la fid\u00e9lit\u00e9 de vos clients. Avec une identit\u00e9 visuelle m\u00e9morable, votre entreprise se d\u00e9marque sur un march\u00e9 concurrentiel, tout en am\u00e9liorant votre notori\u00e9t\u00e9 et votre visibilit\u00e9 en ligne.<\/p>\n<\/div>\n<\/div>\n<\/div>\n\n\n\n<div class=\"wp-block-group section-margin is-layout-flow wp-block-group-is-layout-flow\">\n<div class=\"md:flex gap-10 wp-block-columns is-layout-flex wp-container-core-columns-is-layout-9d6595d7 wp-block-columns-is-layout-flex\">\n<div class=\"w-full wp-block-column border card--price is-layout-flow wp-block-column-is-layout-flow\">\n<div class=\"wp-block-group has-white-color has-primary-to-base-gradient-background has-text-color has-background is-layout-flow wp-block-group-is-layout-flow\" style=\"padding-top:10%;padding-right:%;padding-bottom:10%\">\n<p class=\"has-text-align-center has-h-4-font-size\">Petit pack<\/p>\n\n\n\n<p class=\"has-text-align-center mb-0 has-big-font-size\">2210\u20ac HTVA<\/p>\n<\/div>\n\n\n\n<div class=\"wp-block-group is-layout-flow wp-block-group-is-layout-flow\" style=\"padding-top:2rem;padding-right:2rem;padding-bottom:2rem;padding-left:2rem\">\n<h3 class=\"wp-block-heading is-style-title-underline has-primary-color has-text-color has-h-4-font-size\">Ce pack contient :<\/h3>\n\n\n\n<ul class=\"wp-block-list\">\n<li>R\u00e9union de lancement<\/li>\n\n\n\n<li>Les recherches + le moodboard<\/li>\n\n\n\n<li>2 propositions de design de logos<\/li>\n\n\n\n<li>2 retours afin d&#8217;affiner l&#8217;une des 2 pistes<\/li>\n\n\n\n<li>Guide d&#8217;utilisation de l&#8217;identit\u00e9 visuelle<\/li>\n\n\n\n<li>Livraison des fichiers (.png, .jpg, .eps, .svg)<\/li>\n\n\n\n<li>Adaptation sur un autre m\u00e9dium (carte de visite, flyer&#8230;)<\/li>\n<\/ul>\n\n\n\n<div class=\"wp-block-buttons is-layout-flex wp-block-buttons-is-layout-flex\">\n<div class=\"wp-block-button\"><a class=\"wp-block-button__link wp-element-button\" href=\"https:\/\/fources.agency\/fr\/contact\/\">CONTACTEZ-NOUS<span><\/span><\/a><\/div>\n<\/div>\n<\/div>\n<\/div>\n\n\n\n<div class=\"w-full wp-block-column border card--price is-layout-flow wp-block-column-is-layout-flow\">\n<div class=\"wp-block-group has-white-color has-primary-to-base-gradient-background has-text-color has-background is-layout-flow wp-block-group-is-layout-flow\" style=\"padding-top:10%;padding-right:%;padding-bottom:10%\">\n<p class=\"has-text-align-center has-h-4-font-size\">Grand pack<\/p>\n\n\n\n<p class=\"has-text-align-center mb-0 has-big-font-size\">2805\u20ac HTVA<\/p>\n<\/div>\n\n\n\n<div class=\"wp-block-group mt-2 is-layout-flow wp-block-group-is-layout-flow\" style=\"padding-top:2rem;padding-right:2rem;padding-bottom:2rem;padding-left:2rem\">\n<h3 class=\"wp-block-heading is-style-title-underline has-primary-color has-text-color has-h-4-font-size\">Ce pack contient :<\/h3>\n\n\n\n<ul class=\"wp-block-list\">\n<li>R\u00e9union de lancement<\/li>\n\n\n\n<li>Les recherches + le moodboard<\/li>\n\n\n\n<li>2 propositions de design de logos<\/li>\n\n\n\n<li>2 retours afin d&#8217;affiner l&#8217;une des 2 pistes<\/li>\n\n\n\n<li>Guide d&#8217;utilisation de l&#8217;identit\u00e9 visuelle<\/li>\n\n\n\n<li>Livraison des fichiers (.png, .jpg, .eps, .svg)<\/li>\n\n\n\n<li>Adaptation sur un autre m\u00e9dium (carte de visite, flyer&#8230;)<\/li>\n<\/ul>\n\n\n\n<div class=\"wp-block-buttons is-layout-flex wp-block-buttons-is-layout-flex\">\n<div class=\"wp-block-button\"><a class=\"wp-block-button__link wp-element-button\" href=\"https:\/\/fources.agency\/fr\/contact\/\">CONTACTEZ-NOUS<span><\/span><\/a><\/div>\n<\/div>\n<\/div>\n<\/div>\n<\/div>\n<\/div>\n\n\n\n<section class=\"wp-block-group section-margin section-works is-layout-flow wp-block-group-is-layout-flow\">\n<p class=\"animate fade-up has-primary-light-color has-text-color has-h-1-font-size\">projets<\/p>\n\n\n\n<div class=\"md:flex gap-10 wp-block-columns is-layout-flex wp-container-core-columns-is-layout-9d6595d7 wp-block-columns-is-layout-flex\">\n<div class=\"w-full md:w-4\/12  wp-block-column animate fade-left is-layout-flow wp-block-column-is-layout-flow\" style=\"flex-basis:33.333%\">\n<h2 class=\"wp-block-heading is-style-title-underline has-primary-color has-text-color has-h-3-font-size\" id=\"recent-projects\">Les identit\u00e9s visuelles r\u00e9centes<\/h2>\n\n\n\n<p>Nous avons pu donner vie aux projets suivants<\/p>\n\n\n\n<div class=\"wp-block-buttons is-layout-flex wp-block-buttons-is-layout-flex\">\n<div class=\"wp-block-button is-style-primary\"><a class=\"wp-block-button__link has-base-color has-text-color wp-element-button\" href=\"https:\/\/fources.agency\/fr\/projets\/\">TOUS LES PROJETS<span><\/span><\/a><\/div>\n<\/div>\n<\/div>\n\n\n\n<div class=\"w-full md:w-8\/12  wp-block-column animate fade-right is-layout-flow wp-block-column-is-layout-flow\" style=\"flex-basis:66.66%\"><div class=\"slider-project align image-full-right\">\n  <div class=\"splide\">\n    <div class=\"splide__track\">\n      <ul class=\"splide__list\">\n                            <li class=\"splide__slide\" data-number=\"1\">\n            <article class=\"card card--project active  branding\">\n  <a href=\"https:\/\/fources.agency\/project\/notaries-collon-loge\/\">\n    <div class=\"card__header\">\n      <img decoding=\"async\" width=\"1500\" height=\"999\" src=\"https:\/\/fources.agency\/app\/uploads\/2024\/10\/branding-etude-collon-loge4-1500x999.jpg\" class=\"attachment-medium size-medium wp-post-image\" alt=\"\" srcset=\"https:\/\/fources.agency\/app\/uploads\/2024\/10\/branding-etude-collon-loge4-1500x999.jpg 1500w, https:\/\/fources.agency\/app\/uploads\/2024\/10\/branding-etude-collon-loge4-768x512.jpg 768w, https:\/\/fources.agency\/app\/uploads\/2024\/10\/branding-etude-collon-loge4-1536x1023.jpg 1536w, https:\/\/fources.agency\/app\/uploads\/2024\/10\/branding-etude-collon-loge4.jpg 1920w\" sizes=\"(max-width: 1500px) 100vw, 1500px\" \/>\n    <\/div>\n        <div class=\"card__body\">\n      <div class=\"card__tag\">\n                              branding\n                        <\/div>\n\n      <h1 class=\"has-h-4-font-size\">Notaries Collon &amp; Log\u00e9<\/h1>\n      <div class=\"wp-block-button is-style-primary\">\n        <span class=\"wp-block-button__link has-base-color has-text-color\">View the project<span><\/span><\/span>\n      <\/div>\n    <\/div>\n  <\/a>\n<\/article>\n          <\/li>\n                            <li class=\"splide__slide\" data-number=\"2\">\n            <article class=\"card card--project active  website\">\n  <a href=\"https:\/\/fources.agency\/project\/la-ferme-pour-enfants-de-jette\/\">\n    <div class=\"card__header\">\n      <img decoding=\"async\" width=\"1500\" height=\"1125\" src=\"https:\/\/fources.agency\/app\/uploads\/2024\/10\/branding-fermedejette1-1500x1125.jpg\" class=\"attachment-medium size-medium wp-post-image\" alt=\"\" srcset=\"https:\/\/fources.agency\/app\/uploads\/2024\/10\/branding-fermedejette1-1500x1125.jpg 1500w, https:\/\/fources.agency\/app\/uploads\/2024\/10\/branding-fermedejette1-768x576.jpg 768w, https:\/\/fources.agency\/app\/uploads\/2024\/10\/branding-fermedejette1-1536x1152.jpg 1536w, https:\/\/fources.agency\/app\/uploads\/2024\/10\/branding-fermedejette1.jpg 1600w\" sizes=\"(max-width: 1500px) 100vw, 1500px\" \/>\n    <\/div>\n        <div class=\"card__body\">\n      <div class=\"card__tag\">\n                              website\n                        <\/div>\n\n      <h1 class=\"has-h-4-font-size\">La ferme pour enfants de Jette<\/h1>\n      <div class=\"wp-block-button is-style-primary\">\n        <span class=\"wp-block-button__link has-base-color has-text-color\">View the project<span><\/span><\/span>\n      <\/div>\n    <\/div>\n  <\/a>\n<\/article>\n          <\/li>\n                            <li class=\"splide__slide\" data-number=\"3\">\n            <article class=\"card card--project active  branding\">\n  <a href=\"https:\/\/fources.agency\/project\/incipit\/\">\n    <div class=\"card__header\">\n      <img decoding=\"async\" width=\"1500\" height=\"1053\" src=\"https:\/\/fources.agency\/app\/uploads\/2024\/10\/branding-incipit2-1500x1053.png\" class=\"attachment-medium size-medium wp-post-image\" alt=\"\" srcset=\"https:\/\/fources.agency\/app\/uploads\/2024\/10\/branding-incipit2-1500x1053.png 1500w, https:\/\/fources.agency\/app\/uploads\/2024\/10\/branding-incipit2-768x539.png 768w, https:\/\/fources.agency\/app\/uploads\/2024\/10\/branding-incipit2-1536x1078.png 1536w, https:\/\/fources.agency\/app\/uploads\/2024\/10\/branding-incipit2-2048x1438.png 2048w\" sizes=\"(max-width: 1500px) 100vw, 1500px\" \/>\n    <\/div>\n        <div class=\"card__body\">\n      <div class=\"card__tag\">\n                              branding\n                        <\/div>\n\n      <h1 class=\"has-h-4-font-size\">Incipit<\/h1>\n      <div class=\"wp-block-button is-style-primary\">\n        <span class=\"wp-block-button__link has-base-color has-text-color\">View the project<span><\/span><\/span>\n      <\/div>\n    <\/div>\n  <\/a>\n<\/article>\n          <\/li>\n                            <li class=\"splide__slide\" data-number=\"4\">\n            <article class=\"card card--project active  branding\">\n  <a href=\"https:\/\/fources.agency\/project\/notaries-van-steenkiste-van-den-hove-ertsenryck\/\">\n    <div class=\"card__header\">\n      <img decoding=\"async\" width=\"1500\" height=\"1050\" src=\"https:\/\/fources.agency\/app\/uploads\/2021\/12\/nvsk-small2.jpg\" class=\"attachment-medium size-medium wp-post-image\" alt=\"\" srcset=\"https:\/\/fources.agency\/app\/uploads\/2021\/12\/nvsk-small2.jpg 1500w, https:\/\/fources.agency\/app\/uploads\/2021\/12\/nvsk-small2-768x538.jpg 768w\" sizes=\"(max-width: 1500px) 100vw, 1500px\" \/>\n    <\/div>\n        <div class=\"card__body\">\n      <div class=\"card__tag\">\n                              branding\n                        <\/div>\n\n      <h1 class=\"has-h-4-font-size\">Notaries Van Steenkiste &#038; van den Hove d&#8217;Ertsenryck<\/h1>\n      <div class=\"wp-block-button is-style-primary\">\n        <span class=\"wp-block-button__link has-base-color has-text-color\">View the project<span><\/span><\/span>\n      <\/div>\n    <\/div>\n  <\/a>\n<\/article>\n          <\/li>\n                            <li class=\"splide__slide\" data-number=\"5\">\n            <article class=\"card card--project active  branding\">\n  <a href=\"https:\/\/fources.agency\/project\/dental-plan\/\">\n    <div class=\"card__header\">\n      <img decoding=\"async\" width=\"1500\" height=\"1125\" src=\"https:\/\/fources.agency\/app\/uploads\/2023\/02\/mockup1e-1500x1125.jpg\" class=\"attachment-medium size-medium wp-post-image\" alt=\"\" srcset=\"https:\/\/fources.agency\/app\/uploads\/2023\/02\/mockup1e-1500x1125.jpg 1500w, https:\/\/fources.agency\/app\/uploads\/2023\/02\/mockup1e-768x576.jpg 768w, https:\/\/fources.agency\/app\/uploads\/2023\/02\/mockup1e-1536x1152.jpg 1536w, https:\/\/fources.agency\/app\/uploads\/2023\/02\/mockup1e.jpg 1920w\" sizes=\"(max-width: 1500px) 100vw, 1500px\" \/>\n    <\/div>\n        <div class=\"card__body\">\n      <div class=\"card__tag\">\n                              branding\n                        <\/div>\n\n      <h1 class=\"has-h-4-font-size\">Dental Plan<\/h1>\n      <div class=\"wp-block-button is-style-primary\">\n        <span class=\"wp-block-button__link has-base-color has-text-color\">View the project<span><\/span><\/span>\n      <\/div>\n    <\/div>\n  <\/a>\n<\/article>\n          <\/li>\n              <\/ul>\n    <\/div>\n    <div class=\"splide__arrows\">\n      <button class=\"splide__arrow splide__arrow--prev\">\n        <i class=\"fal fa-long-arrow-left\"><\/i>\n      <\/button>\n      <div class=\"splide__number\">\n        <span class=\"splide__number-active\">\n          1\n        <\/span>\n         \/\n        <span class=\"splide__number-total\">\n          5\n        <\/span>\n      <\/div>\n      <button class=\"splide__arrow splide__arrow--next\">\n        <i class=\"fal fa-long-arrow-right\"><\/i>\n      <\/button>\n    <\/div>\n  <\/div>\n<\/div>\n<\/div>\n<\/div>\n<\/section>\n\n\n\n<div class=\"wp-block-group alignfull section-padding has-white-color has-primary-background-color has-text-color has-background is-layout-flow wp-block-group-is-layout-flow\">\n<div class=\"wp-block-group container mx-auto is-layout-flow wp-block-group-is-layout-flow\">\n<p class=\"animate fade-up has-white-secondary-color has-text-color has-h-1-font-size\">notre m\u00e9thodologie<\/p>\n\n\n\n<div class=\"md:flex gap-10 wp-block-columns animate fade-up is-layout-flex wp-container-core-columns-is-layout-9d6595d7 wp-block-columns-is-layout-flex\">\n<div class=\"w-full wp-block-column is-layout-flow wp-block-column-is-layout-flow\" style=\"padding-top:0%;padding-right:0%;padding-bottom:0%;padding-left:0%\">\n<h2 class=\"wp-block-heading is-style-title-underline has-h-3-font-size\" id=\"workshop\">Ateliers<\/h2>\n\n\n\n<p>Nous d\u00e9marrons chaque projet par un atelier de co-construction afin de comprendre pr\u00e9cis\u00e9ment votre situation actuelle, vos objectifs et votre vision. Selon la complexit\u00e9 du projet, plusieurs ateliers peuvent \u00eatre organis\u00e9s pour poser des bases solides et partag\u00e9es.<\/p>\n<\/div>\n\n\n\n<div class=\"w-full wp-block-column is-layout-flow wp-block-column-is-layout-flow\" style=\"padding-top:0%;padding-right:0%;padding-bottom:0%;padding-left:0%\">\n<h2 class=\"wp-block-heading is-style-title-underline has-h-3-font-size\" id=\"phased-approach\">Travail en phases<\/h2>\n\n\n\n<p>Une fois les objectifs d\u00e9finis, notre \u00e9quipe de designers et d\u00e9veloppeurs donne vie \u00e0 votre projet, \u00e9tape par \u00e9tape. Cette approche progressive garantit une ex\u00e9cution ma\u00eetris\u00e9e et un r\u00e9sultat align\u00e9 avec vos attentes.<\/p>\n<\/div>\n\n\n\n<div class=\"w-full wp-block-column is-layout-flow wp-block-column-is-layout-flow\" style=\"padding-top:0%;padding-right:0%;padding-bottom:0%;padding-left:0%\">\n<h2 class=\"wp-block-heading is-style-title-underline has-h-3-font-size\" id=\"feedback\">Collaboration &amp; Retours<\/h2>\n\n\n\n<p>Votre avis est essentiel tout au long du processus. Nous avan\u00e7ons en \u00e9troite collaboration avec vous pour cr\u00e9er la meilleure version de votre projet, en ligne comme hors ligne. Vos id\u00e9es, remarques et retours nourrissent chaque phase de d\u00e9veloppement.<\/p>\n<\/div>\n<\/div>\n<\/div>\n<\/div>\n\n\n\n<div class=\"md:flex gap-10 wp-block-columns section-padding animate fade-up is-layout-flex wp-container-core-columns-is-layout-9d6595d7 wp-block-columns-is-layout-flex\">\n<div class=\"w-full wp-block-column is-layout-flow wp-block-column-is-layout-flow\">\n<section class=\"wp-block-group section-margin section-client is-layout-flow wp-block-group-is-layout-flow\">\n<p class=\"animate fade-up has-primary-light-color has-text-color has-h-1-font-size\">faq<\/p>\n\n\n<div class=\"accordion align accordion\">\n      <div class=\"accordion__item\">\n      <div class=\"accordion__item__header\">\n        <button>Combien de temps faut-il pour cr\u00e9er une identit\u00e9 de marque\u00a0?<\/button>\n      <\/div>\n      <div class=\"accordion__item__body\">\n        <div class=\"accordion__item__body__content\">\n          <p>Selon la complexit\u00e9 du projet, le processus peut prendre quelques semaines. Nous travaillons en \u00e9troite collaboration avec vous pour affiner votre identit\u00e9 de marque jusqu\u2019\u00e0 ce qu\u2019elle vous corresponde parfaitement.<\/p>\n\n        <\/div>\n      <\/div>\n    <\/div>\n      <div class=\"accordion__item\">\n      <div class=\"accordion__item__header\">\n        <button>Puis-je demander des modifications sur les propositions ?<\/button>\n      <\/div>\n      <div class=\"accordion__item__body\">\n        <div class=\"accordion__item__body__content\">\n          <p>Oui\u00a0! Deux s\u00e9ries de retours sont incluses pour garantir que l\u2019identit\u00e9 visuelle corresponde pleinement \u00e0 votre vision.<\/p>\n\n        <\/div>\n      <\/div>\n    <\/div>\n      <div class=\"accordion__item\">\n      <div class=\"accordion__item__header\">\n        <button>Quels formats de fichiers vais-je recevoir ?<\/button>\n      <\/div>\n      <div class=\"accordion__item__body\">\n        <div class=\"accordion__item__body__content\">\n          <p>Vous recevrez des fichiers haute r\u00e9solution dans plusieurs formats (PNG, JPEG, SVG, PDF), adapt\u00e9s aussi bien au web qu\u2019\u00e0 l\u2019impression.<\/p>\n\n        <\/div>\n      <\/div>\n    <\/div>\n      <div class=\"accordion__item\">\n      <div class=\"accordion__item__header\">\n        <button>Proposez-vous aussi la cr\u00e9ation de supports comme des cartes de visite ou templates r\u00e9seaux sociaux ?<\/button>\n      <\/div>\n      <div class=\"accordion__item__body\">\n        <div class=\"accordion__item__body__content\">\n          <p>Oui\u00a0! Nous pouvons concevoir des supports de communication compl\u00e9mentaires pour garantir une image coh\u00e9rente et professionnelle sur tous vos canaux.<\/p>\n\n        <\/div>\n      <\/div>\n    <\/div>\n  <\/div>\n<\/section>\n<\/div>\n\n\n\n<div class=\"w-full wp-block-column is-layout-flow wp-block-column-is-layout-flow\">\n<figure class=\"wp-block-image size-full\"><img decoding=\"async\" width=\"2000\" height=\"2000\" src=\"http:\/\/fources.agency\/app\/uploads\/2021\/12\/contact2.jpg\" alt=\"\" class=\"wp-image-1031\" srcset=\"https:\/\/fources.agency\/app\/uploads\/2021\/12\/contact2.jpg 2000w, https:\/\/fources.agency\/app\/uploads\/2021\/12\/contact2-1500x1500.jpg 1500w, https:\/\/fources.agency\/app\/uploads\/2021\/12\/contact2-150x150.jpg 150w, https:\/\/fources.agency\/app\/uploads\/2021\/12\/contact2-768x768.jpg 768w, https:\/\/fources.agency\/app\/uploads\/2021\/12\/contact2-1536x1536.jpg 1536w\" sizes=\"(max-width: 2000px) 100vw, 2000px\" \/><\/figure>\n<\/div>\n<\/div>\n\n\n\n<div class=\"md:flex gap-10 wp-block-columns are-vertically-aligned-center section-cta animate fade-up is-layout-flex wp-container-core-columns-is-layout-9d6595d7 wp-block-columns-is-layout-flex\">\n<div class=\"w-full md:w-5\/12  wp-block-column is-vertically-aligned-center section-cta__left is-layout-flow wp-block-column-is-layout-flow\" style=\"flex-basis:40%\">\n<figure class=\"wp-block-image size-full image-full-left\"><img decoding=\"async\" width=\"1500\" height=\"1500\" src=\"http:\/\/fources.agency\/app\/uploads\/2021\/12\/letswork.jpg\" alt=\"\" class=\"wp-image-1049\" srcset=\"https:\/\/fources.agency\/app\/uploads\/2021\/12\/letswork.jpg 1500w, https:\/\/fources.agency\/app\/uploads\/2021\/12\/letswork-150x150.jpg 150w, https:\/\/fources.agency\/app\/uploads\/2021\/12\/letswork-768x768.jpg 768w\" sizes=\"(max-width: 1500px) 100vw, 1500px\" \/><\/figure>\n\n\n\n<div class=\"wp-block-group section-cta__rotate-wrapper is-layout-flow wp-block-group-is-layout-flow\">\n<p class=\"text-circle\">pour un projet, un stage, un caf\u00e9 ou autre, <\/p>\n<\/div>\n<\/div>\n\n\n\n<div class=\"w-full md:w-5\/12  wp-block-column is-vertically-aligned-center is-layout-flow wp-block-column-is-layout-flow\" style=\"flex-basis:40%\">\n<h2 class=\"wp-block-heading is-style-title-underline has-white-color has-text-color has-h-3-font-size\" id=\"let-s-work-together\">Travaillons ensemble<\/h2>\n\n\n\n<p>Il y a toujours une raison de nous contacter : une id\u00e9e, un devis, un stage, une question sur un site&#8230;<\/p>\n\n\n\n<div class=\"wp-block-buttons is-layout-flex wp-block-buttons-is-layout-flex\">\n<div class=\"wp-block-button is-style-primary\"><a class=\"wp-block-button__link wp-element-button\" href=\"fr\/contact\/\">contactez-nous<span><\/span><\/a><\/div>\n<\/div>\n<\/div>\n<\/div>\n","protected":false},"excerpt":{"rendered":"<p>branding Un design au pixel pr\u00e8s Chez Fources Agency, nous allons bien au-del\u00e0 de la cr\u00e9ation de logos : nous concevons des identit\u00e9s de marque solides et strat\u00e9giques qui r\u00e9sonnent avec votre audience.Notre \u00e9quipe de designers travaille en \u00e9troite collaboration avec vous pour cr\u00e9er une image de marque coh\u00e9rente, reconnaissable et fid\u00e8le \u00e0 vos valeurs, &hellip; <a href=\"https:\/\/fources.agency\/fr\/services\/identite-visuelle\/\">Continued<\/a><\/p>\n","protected":false},"author":1,"featured_media":0,"parent":1978,"menu_order":0,"comment_status":"closed","ping_status":"closed","template":"","meta":{"_acf_changed":false,"footnotes":""},"class_list":["post-3528","page","type-page","status-publish","hentry"],"acf":[],"_links":{"self":[{"href":"https:\/\/fources.agency\/fr\/wp-json\/wp\/v2\/pages\/3528","targetHints":{"allow":["GET"]}}],"collection":[{"href":"https:\/\/fources.agency\/fr\/wp-json\/wp\/v2\/pages"}],"about":[{"href":"https:\/\/fources.agency\/fr\/wp-json\/wp\/v2\/types\/page"}],"author":[{"embeddable":true,"href":"https:\/\/fources.agency\/fr\/wp-json\/wp\/v2\/users\/1"}],"replies":[{"embeddable":true,"href":"https:\/\/fources.agency\/fr\/wp-json\/wp\/v2\/comments?post=3528"}],"version-history":[{"count":5,"href":"https:\/\/fources.agency\/fr\/wp-json\/wp\/v2\/pages\/3528\/revisions"}],"predecessor-version":[{"id":3592,"href":"https:\/\/fources.agency\/fr\/wp-json\/wp\/v2\/pages\/3528\/revisions\/3592"}],"up":[{"embeddable":true,"href":"https:\/\/fources.agency\/fr\/wp-json\/wp\/v2\/pages\/1978"}],"wp:attachment":[{"href":"https:\/\/fources.agency\/fr\/wp-json\/wp\/v2\/media?parent=3528"}],"curies":[{"name":"wp","href":"https:\/\/api.w.org\/{rel}","templated":true}]}}